{"id":53,"date":"2025-02-12T17:02:56","date_gmt":"2025-02-12T17:02:56","guid":{"rendered":"https:\/\/www.hailinenergy.com\/?page_id=53"},"modified":"2025-03-25T09:35:00","modified_gmt":"2025-03-25T09:35:00","slug":"blog","status":"publish","type":"page","link":"https:\/\/www.hailinenergy.com\/de\/blog\/","title":{"rendered":"Blog"},"content":{"rendered":"<div data-elementor-type=\"wp-page\" data-elementor-id=\"53\" class=\"elementor elementor-53\" data-elementor-settings=\"{&quot;ha_cmc_init_switcher&quot;:&quot;no&quot;}\" data-elementor-post-type=\"page\">\n\t\t\t\t<div class=\"elementor-element elementor-element-3e3ca44 e-flex e-con-boxed e-con e-parent\" data-id=\"3e3ca44\" data-element_type=\"container\" data-settings=\"{&quot;background_background&quot;:&quot;classic&quot;,&quot;_ha_eqh_enable&quot;:false}\">\n\t\t\t\t\t<div class=\"e-con-inner\">\n\t\t\t\t<div class=\"elementor-element elementor-element-2a0a5f1d elementor-widget elementor-widget-heading\" data-id=\"2a0a5f1d\" data-element_type=\"widget\" data-widget_type=\"heading.default\">\n\t\t\t\t<div class=\"elementor-widget-container\">\n\t\t\t\t\t<h1 class=\"elementor-heading-title elementor-size-default\">Blog<\/h1>\t\t\t\t<\/div>\n\t\t\t\t<\/div>\n\t\t\t\t\t<\/div>\n\t\t\t\t<\/div>\n\t\t<div class=\"elementor-element elementor-element-8685206 e-flex e-con-boxed e-con e-parent\" data-id=\"8685206\" data-element_type=\"container\" data-settings=\"{&quot;background_background&quot;:&quot;classic&quot;,&quot;_ha_eqh_enable&quot;:false}\">\n\t\t\t\t\t<div class=\"e-con-inner\">\n\t\t\t\t<div class=\"elementor-element elementor-element-ef42ce3 elementor-widget elementor-widget-breadcrumbs\" data-id=\"ef42ce3\" data-element_type=\"widget\" data-widget_type=\"breadcrumbs.default\">\n\t\t\t\t<div class=\"elementor-widget-container\">\n\t\t\t\t\t<p id=\"breadcrumbs\"><span><span><a href=\"https:\/\/www.hailinenergy.com\/de\/\">Startseite<\/a><\/span><\/span><\/p>\t\t\t\t<\/div>\n\t\t\t\t<\/div>\n\t\t\t\t\t<\/div>\n\t\t\t\t<\/div>\n\t\t<div class=\"elementor-element elementor-element-d9a77bf e-flex e-con-boxed e-con e-parent\" data-id=\"d9a77bf\" data-element_type=\"container\" data-settings=\"{&quot;_ha_eqh_enable&quot;:false}\">\n\t\t\t\t\t<div class=\"e-con-inner\">\n\t\t\t\t<div class=\"elementor-element elementor-element-49bce86d elementor-grid-3 elementor-grid-tablet-2 elementor-grid-mobile-1 elementor-posts--thumbnail-top elementor-card-shadow-yes elementor-posts__hover-gradient elementor-widget elementor-widget-posts\" data-id=\"49bce86d\" data-element_type=\"widget\" data-settings=\"{&quot;pagination_type&quot;:&quot;numbers_and_prev_next&quot;,&quot;cards_columns&quot;:&quot;3&quot;,&quot;cards_columns_tablet&quot;:&quot;2&quot;,&quot;cards_columns_mobile&quot;:&quot;1&quot;,&quot;cards_row_gap&quot;:{&quot;unit&quot;:&quot;px&quot;,&quot;size&quot;:35,&quot;sizes&quot;:[]},&quot;cards_row_gap_tablet&quot;:{&quot;unit&quot;:&quot;px&quot;,&quot;size&quot;:&quot;&quot;,&quot;sizes&quot;:[]},&quot;cards_row_gap_mobile&quot;:{&quot;unit&quot;:&quot;px&quot;,&quot;size&quot;:&quot;&quot;,&quot;sizes&quot;:[]}}\" data-widget_type=\"posts.cards\">\n\t\t\t\t<div class=\"elementor-widget-container\">\n\t\t\t\t\t\t\t<div class=\"elementor-posts-container elementor-posts elementor-posts--skin-cards elementor-grid\" role=\"list\">\n\t\t\t\t<article class=\"elementor-post elementor-grid-item post-229 post type-post status-publish format-standard has-post-thumbnail hentry category-uncategorized\" role=\"listitem\">\n\t\t\t<div class=\"elementor-post__card\">\n\t\t\t\t<a class=\"elementor-post__thumbnail__link\" href=\"https:\/\/www.hailinenergy.com\/de\/portable-power-station-maintainence\/\" tabindex=\"-1\" ><div class=\"elementor-post__thumbnail\"><img fetchpriority=\"high\" decoding=\"async\" width=\"768\" height=\"512\" src=\"https:\/\/www.hailinenergy.com\/wp-content\/uploads\/2025\/02\/Blog-image-03-768x512.jpg\" class=\"attachment-medium_large size-medium_large wp-image-222\" alt=\"Blog Image 03\" srcset=\"https:\/\/www.hailinenergy.com\/wp-content\/uploads\/2025\/02\/Blog-image-03-768x512.jpg 768w, https:\/\/www.hailinenergy.com\/wp-content\/uploads\/2025\/02\/Blog-image-03-300x200.jpg 300w, https:\/\/www.hailinenergy.com\/wp-content\/uploads\/2025\/02\/Blog-image-03-1024x683.jpg 1024w, https:\/\/www.hailinenergy.com\/wp-content\/uploads\/2025\/02\/Blog-image-03-600x400.jpg 600w, https:\/\/www.hailinenergy.com\/wp-content\/uploads\/2025\/02\/Blog-image-03.jpg 1200w\" sizes=\"(max-width: 768px) 100vw, 768px\" \/><\/div><\/a>\n\t\t\t\t<div class=\"elementor-post__text\">\n\t\t\t\t<h3 class=\"elementor-post__title\">\n\t\t\t<a href=\"https:\/\/www.hailinenergy.com\/de\/portable-power-station-maintainence\/\" >\n\t\t\t\tWartung von tragbaren Kraftwerken\t\t\t<\/a>\n\t\t<\/h3>\n\t\t\t\t<div class=\"elementor-post__excerpt\">\n\t\t\t<p>Es gibt viele Variationen von Lorem Ipsum, aber die meisten sind in irgendeiner Form ver\u00e4ndert worden, z. B. durch eingef\u00fcgten Humor oder durch zuf\u00e4llige W\u00f6rter.<\/p>\n\t\t<\/div>\n\t\t\n\t\t<a class=\"elementor-post__read-more\" href=\"https:\/\/www.hailinenergy.com\/de\/portable-power-station-maintainence\/\" aria-label=\"Mehr \u00fcber Portable Power Station Maintainence\" tabindex=\"-1\" >\n\t\t\tMehr lesen \"\t\t<\/a>\n\n\t\t\t\t<\/div>\n\t\t\t\t<div class=\"elementor-post__meta-data\">\n\t\t\t\t\t<span class=\"elementor-post-date\">\n\t\t\tFebruar 13, 2025\t\t<\/span>\n\t\t\t\t<span class=\"elementor-post-avatar\">\n\t\t\tKeine Kommentare\t\t<\/span>\n\t\t\t\t<\/div>\n\t\t\t\t\t<\/div>\n\t\t<\/article>\n\t\t\t\t<article class=\"elementor-post elementor-grid-item post-227 post type-post status-publish format-standard has-post-thumbnail hentry category-uncategorized\" role=\"listitem\">\n\t\t\t<div class=\"elementor-post__card\">\n\t\t\t\t<a class=\"elementor-post__thumbnail__link\" href=\"https:\/\/www.hailinenergy.com\/de\/portable-power-station-types\/\" tabindex=\"-1\" ><div class=\"elementor-post__thumbnail\"><img decoding=\"async\" width=\"768\" height=\"512\" src=\"https:\/\/www.hailinenergy.com\/wp-content\/uploads\/2025\/02\/Blog-image-02-768x512.jpg\" class=\"attachment-medium_large size-medium_large wp-image-224\" alt=\"Blog Image 02\" srcset=\"https:\/\/www.hailinenergy.com\/wp-content\/uploads\/2025\/02\/Blog-image-02-768x512.jpg 768w, https:\/\/www.hailinenergy.com\/wp-content\/uploads\/2025\/02\/Blog-image-02-300x200.jpg 300w, https:\/\/www.hailinenergy.com\/wp-content\/uploads\/2025\/02\/Blog-image-02-1024x683.jpg 1024w, https:\/\/www.hailinenergy.com\/wp-content\/uploads\/2025\/02\/Blog-image-02-600x400.jpg 600w, https:\/\/www.hailinenergy.com\/wp-content\/uploads\/2025\/02\/Blog-image-02.jpg 1200w\" sizes=\"(max-width: 768px) 100vw, 768px\" \/><\/div><\/a>\n\t\t\t\t<div class=\"elementor-post__text\">\n\t\t\t\t<h3 class=\"elementor-post__title\">\n\t\t\t<a href=\"https:\/\/www.hailinenergy.com\/de\/portable-power-station-types\/\" >\n\t\t\t\tTragbare Kraftwerkstypen\t\t\t<\/a>\n\t\t<\/h3>\n\t\t\t\t<div class=\"elementor-post__excerpt\">\n\t\t\t<p>Es ist eine altbekannte Tatsache, dass ein Leser vom lesbaren Inhalt einer Seite abgelenkt wird, wenn er das Layout betrachtet. Die<\/p>\n\t\t<\/div>\n\t\t\n\t\t<a class=\"elementor-post__read-more\" href=\"https:\/\/www.hailinenergy.com\/de\/portable-power-station-types\/\" aria-label=\"Mehr \u00fcber Portable Power Station Types\" tabindex=\"-1\" >\n\t\t\tMehr lesen \"\t\t<\/a>\n\n\t\t\t\t<\/div>\n\t\t\t\t<div class=\"elementor-post__meta-data\">\n\t\t\t\t\t<span class=\"elementor-post-date\">\n\t\t\tFebruar 13, 2025\t\t<\/span>\n\t\t\t\t<span class=\"elementor-post-avatar\">\n\t\t\tKeine Kommentare\t\t<\/span>\n\t\t\t\t<\/div>\n\t\t\t\t\t<\/div>\n\t\t<\/article>\n\t\t\t\t<article class=\"elementor-post elementor-grid-item post-1 post type-post status-publish format-standard has-post-thumbnail hentry category-uncategorized\" role=\"listitem\">\n\t\t\t<div class=\"elementor-post__card\">\n\t\t\t\t<a class=\"elementor-post__thumbnail__link\" href=\"https:\/\/www.hailinenergy.com\/de\/hello-world\/\" tabindex=\"-1\" ><div class=\"elementor-post__thumbnail\"><img decoding=\"async\" width=\"768\" height=\"512\" src=\"https:\/\/www.hailinenergy.com\/wp-content\/uploads\/2025\/02\/Blog-image-01-768x512.jpg\" class=\"attachment-medium_large size-medium_large wp-image-223\" alt=\"Blog Image 01\" srcset=\"https:\/\/www.hailinenergy.com\/wp-content\/uploads\/2025\/02\/Blog-image-01-768x512.jpg 768w, https:\/\/www.hailinenergy.com\/wp-content\/uploads\/2025\/02\/Blog-image-01-300x200.jpg 300w, https:\/\/www.hailinenergy.com\/wp-content\/uploads\/2025\/02\/Blog-image-01-1024x683.jpg 1024w, https:\/\/www.hailinenergy.com\/wp-content\/uploads\/2025\/02\/Blog-image-01-600x400.jpg 600w, https:\/\/www.hailinenergy.com\/wp-content\/uploads\/2025\/02\/Blog-image-01.jpg 1200w\" sizes=\"(max-width: 768px) 100vw, 768px\" \/><\/div><\/a>\n\t\t\t\t<div class=\"elementor-post__text\">\n\t\t\t\t<h3 class=\"elementor-post__title\">\n\t\t\t<a href=\"https:\/\/www.hailinenergy.com\/de\/hello-world\/\" >\n\t\t\t\tHerstellung von tragbaren Kraftwerken\t\t\t<\/a>\n\t\t<\/h3>\n\t\t\t\t<div class=\"elementor-post__excerpt\">\n\t\t\t<p>Lorem Ipsum ist einfach der Blindtext der Druck- und Setzindustrie. Lorem Ipsum ist der Standard-Blindtext der Industrie seit den 1500er Jahren, als<\/p>\n\t\t<\/div>\n\t\t\n\t\t<a class=\"elementor-post__read-more\" href=\"https:\/\/www.hailinenergy.com\/de\/hello-world\/\" aria-label=\"Mehr \u00fcber Portable Power Station Manufacturing\" tabindex=\"-1\" >\n\t\t\tMehr lesen \"\t\t<\/a>\n\n\t\t\t\t<\/div>\n\t\t\t\t<div class=\"elementor-post__meta-data\">\n\t\t\t\t\t<span class=\"elementor-post-date\">\n\t\t\t10. Februar 2025\t\t<\/span>\n\t\t\t\t<span class=\"elementor-post-avatar\">\n\t\t\tEin Kommentar\t\t<\/span>\n\t\t\t\t<\/div>\n\t\t\t\t\t<\/div>\n\t\t<\/article>\n\t\t\t\t<\/div>\n\t\t\n\t\t\t\t\t\t<\/div>\n\t\t\t\t<\/div>\n\t\t\t\t\t<\/div>\n\t\t\t\t<\/div>\n\t\t\t\t<\/div>","protected":false},"excerpt":{"rendered":"<p>Blog<\/p>","protected":false},"author":1,"featured_media":0,"parent":0,"menu_order":0,"comment_status":"closed","ping_status":"closed","template":"","meta":{"footnotes":""},"class_list":["post-53","page","type-page","status-publish","hentry"],"yoast_head":"<!-- This site is optimized with the Yoast SEO plugin v25.7 - https:\/\/yoast.com\/wordpress\/plugins\/seo\/ -->\n<title>Blog - hailinenergy.com<\/title>\n<meta name=\"robots\" content=\"index, follow, max-snippet:-1, max-image-preview:large, max-video-preview:-1\" \/>\n<link rel=\"canonical\" href=\"https:\/\/www.hailinenergy.com\/de\/blog\/\" \/>\n<meta property=\"og:locale\" content=\"de_DE\" \/>\n<meta property=\"og:type\" content=\"article\" \/>\n<meta property=\"og:title\" content=\"Blog - hailinenergy.com\" \/>\n<meta property=\"og:description\" content=\"Blog\" \/>\n<meta property=\"og:url\" content=\"https:\/\/www.hailinenergy.com\/de\/blog\/\" \/>\n<meta property=\"og:site_name\" content=\"hailinenergy.com\" \/>\n<meta property=\"article:modified_time\" content=\"2025-03-25T09:35:00+00:00\" \/>\n<meta name=\"twitter:card\" content=\"summary_large_image\" \/>\n<meta name=\"twitter:label1\" content=\"Gesch\u00e4tzte Lesezeit\" \/>\n\t<meta name=\"twitter:data1\" content=\"3\u00a0Minuten\" \/>\n<script type=\"application\/ld+json\" class=\"yoast-schema-graph\">{\"@context\":\"https:\/\/schema.org\",\"@graph\":[{\"@type\":\"WebPage\",\"@id\":\"https:\/\/www.hailinenergy.com\/blog\/\",\"url\":\"https:\/\/www.hailinenergy.com\/blog\/\",\"name\":\"Blog - hailinenergy.com\",\"isPartOf\":{\"@id\":\"https:\/\/www.hailinenergy.com\/#website\"},\"datePublished\":\"2025-02-12T17:02:56+00:00\",\"dateModified\":\"2025-03-25T09:35:00+00:00\",\"breadcrumb\":{\"@id\":\"https:\/\/www.hailinenergy.com\/blog\/#breadcrumb\"},\"inLanguage\":\"de\",\"potentialAction\":[{\"@type\":\"ReadAction\",\"target\":[\"https:\/\/www.hailinenergy.com\/blog\/\"]}]},{\"@type\":\"BreadcrumbList\",\"@id\":\"https:\/\/www.hailinenergy.com\/blog\/#breadcrumb\",\"itemListElement\":[{\"@type\":\"ListItem\",\"position\":1,\"name\":\"Home\",\"item\":\"https:\/\/www.hailinenergy.com\/\"},{\"@type\":\"ListItem\",\"position\":2,\"name\":\"Blog\"}]},{\"@type\":\"WebSite\",\"@id\":\"https:\/\/www.hailinenergy.com\/#website\",\"url\":\"https:\/\/www.hailinenergy.com\/\",\"name\":\"hailinenergy.com\",\"description\":\"\",\"publisher\":{\"@id\":\"https:\/\/www.hailinenergy.com\/#organization\"},\"potentialAction\":[{\"@type\":\"SearchAction\",\"target\":{\"@type\":\"EntryPoint\",\"urlTemplate\":\"https:\/\/www.hailinenergy.com\/?s={search_term_string}\"},\"query-input\":{\"@type\":\"PropertyValueSpecification\",\"valueRequired\":true,\"valueName\":\"search_term_string\"}}],\"inLanguage\":\"de\"},{\"@type\":\"Organization\",\"@id\":\"https:\/\/www.hailinenergy.com\/#organization\",\"name\":\"hailinenergy.com\",\"url\":\"https:\/\/www.hailinenergy.com\/\",\"logo\":{\"@type\":\"ImageObject\",\"inLanguage\":\"de\",\"@id\":\"https:\/\/www.hailinenergy.com\/#\/schema\/logo\/image\/\",\"url\":\"https:\/\/www.hailinenergy.com\/wp-content\/uploads\/2025\/02\/Hinlin-Energy-Logo.png\",\"contentUrl\":\"https:\/\/www.hailinenergy.com\/wp-content\/uploads\/2025\/02\/Hinlin-Energy-Logo.png\",\"width\":500,\"height\":325,\"caption\":\"hailinenergy.com\"},\"image\":{\"@id\":\"https:\/\/www.hailinenergy.com\/#\/schema\/logo\/image\/\"}}]}<\/script>\n<!-- \/ Yoast SEO plugin. -->","yoast_head_json":{"title":"Blog - hailinenergy.com","robots":{"index":"index","follow":"follow","max-snippet":"max-snippet:-1","max-image-preview":"max-image-preview:large","max-video-preview":"max-video-preview:-1"},"canonical":"https:\/\/www.hailinenergy.com\/de\/blog\/","og_locale":"de_DE","og_type":"article","og_title":"Blog - hailinenergy.com","og_description":"Blog","og_url":"https:\/\/www.hailinenergy.com\/de\/blog\/","og_site_name":"hailinenergy.com","article_modified_time":"2025-03-25T09:35:00+00:00","twitter_card":"summary_large_image","twitter_misc":{"Gesch\u00e4tzte Lesezeit":"3\u00a0Minuten"},"schema":{"@context":"https:\/\/schema.org","@graph":[{"@type":"WebPage","@id":"https:\/\/www.hailinenergy.com\/blog\/","url":"https:\/\/www.hailinenergy.com\/blog\/","name":"Blog - hailinenergy.com","isPartOf":{"@id":"https:\/\/www.hailinenergy.com\/#website"},"datePublished":"2025-02-12T17:02:56+00:00","dateModified":"2025-03-25T09:35:00+00:00","breadcrumb":{"@id":"https:\/\/www.hailinenergy.com\/blog\/#breadcrumb"},"inLanguage":"de","potentialAction":[{"@type":"ReadAction","target":["https:\/\/www.hailinenergy.com\/blog\/"]}]},{"@type":"BreadcrumbList","@id":"https:\/\/www.hailinenergy.com\/blog\/#breadcrumb","itemListElement":[{"@type":"ListItem","position":1,"name":"Home","item":"https:\/\/www.hailinenergy.com\/"},{"@type":"ListItem","position":2,"name":"Blog"}]},{"@type":"WebSite","@id":"https:\/\/www.hailinenergy.com\/#website","url":"https:\/\/www.hailinenergy.com\/","name":"hailinenergy.com","description":"","publisher":{"@id":"https:\/\/www.hailinenergy.com\/#organization"},"potentialAction":[{"@type":"SearchAction","target":{"@type":"EntryPoint","urlTemplate":"https:\/\/www.hailinenergy.com\/?s={search_term_string}"},"query-input":{"@type":"PropertyValueSpecification","valueRequired":true,"valueName":"search_term_string"}}],"inLanguage":"de"},{"@type":"Organization","@id":"https:\/\/www.hailinenergy.com\/#organization","name":"hailinenergy.com","url":"https:\/\/www.hailinenergy.com\/","logo":{"@type":"ImageObject","inLanguage":"de","@id":"https:\/\/www.hailinenergy.com\/#\/schema\/logo\/image\/","url":"https:\/\/www.hailinenergy.com\/wp-content\/uploads\/2025\/02\/Hinlin-Energy-Logo.png","contentUrl":"https:\/\/www.hailinenergy.com\/wp-content\/uploads\/2025\/02\/Hinlin-Energy-Logo.png","width":500,"height":325,"caption":"hailinenergy.com"},"image":{"@id":"https:\/\/www.hailinenergy.com\/#\/schema\/logo\/image\/"}}]}},"_links":{"self":[{"href":"https:\/\/www.hailinenergy.com\/de\/wp-json\/wp\/v2\/pages\/53","targetHints":{"allow":["GET"]}}],"collection":[{"href":"https:\/\/www.hailinenergy.com\/de\/wp-json\/wp\/v2\/pages"}],"about":[{"href":"https:\/\/www.hailinenergy.com\/de\/wp-json\/wp\/v2\/types\/page"}],"author":[{"embeddable":true,"href":"https:\/\/www.hailinenergy.com\/de\/wp-json\/wp\/v2\/users\/1"}],"replies":[{"embeddable":true,"href":"https:\/\/www.hailinenergy.com\/de\/wp-json\/wp\/v2\/comments?post=53"}],"version-history":[{"count":16,"href":"https:\/\/www.hailinenergy.com\/de\/wp-json\/wp\/v2\/pages\/53\/revisions"}],"predecessor-version":[{"id":530,"href":"https:\/\/www.hailinenergy.com\/de\/wp-json\/wp\/v2\/pages\/53\/revisions\/530"}],"wp:attachment":[{"href":"https:\/\/www.hailinenergy.com\/de\/wp-json\/wp\/v2\/media?parent=53"}],"curies":[{"name":"wp","href":"https:\/\/api.w.org\/{rel}","templated":true}]}}